{"id":44,"date":"2021-02-16T10:17:47","date_gmt":"2021-02-16T09:17:47","guid":{"rendered":"http:\/\/anaesthesiepraxis-voss.de\/?page_id=44"},"modified":"2021-03-04T19:28:15","modified_gmt":"2021-03-04T18:28:15","slug":"kontakt","status":"publish","type":"page","link":"https:\/\/anaesthesiepraxis-voss.de\/?page_id=44","title":{"rendered":"Kontakt"},"content":{"rendered":"\n<p>Die Berufsordnung der zust\u00e4ndigen \u00c4rztekammer untersagt die Beratung von Patienten, die der Arzt nicht pers\u00f6nlich kennt. F\u00fcr eine Beratung vereinbaren Sie bitte einen pers\u00f6nlichen Termin per E-Mail oder Telefon. <br>Nutzen Sie daf\u00fcr die E-Mail Adresse<br><br><a href=\"mailto:kontakt@anaesthesiepraxis-voss.de\">kontakt@anaesthesiepraxis-voss.de<\/a><\/p>\n\n\n\n<p>oder unsere Telefonnummer<\/p>\n\n\n\n<p>0176-43435405<\/p>\n\n\n\n<p>Au\u00dferdem sind Ihre Anregungen und Fragen jederzeit erw\u00fcnscht.<br><\/p>\n","protected":false},"excerpt":{"rendered":"<p>Die Berufsordnung der zust\u00e4ndigen \u00c4rztekammer untersagt die Beratung von Patienten, die der Arzt nicht pers\u00f6nlich kennt. F\u00fcr eine Beratung vereinbaren Sie bitte einen pers\u00f6nlichen Termin per E-Mail oder Telefon. Nutzen Sie daf\u00fcr die E-Mail Adresse kontakt@anaesthesiepraxis-voss.de oder unsere Telefonnummer 0176-43435405 Au\u00dferdem sind Ihre Anregungen und Fragen jederzeit erw\u00fcnscht.<\/p>\n","protected":false},"author":1,"featured_media":0,"parent":0,"menu_order":0,"comment_status":"closed","ping_status":"closed","template":"","meta":{"footnotes":""},"class_list":["post-44","page","type-page","status-publish","hentry"],"_links":{"self":[{"href":"https:\/\/anaesthesiepraxis-voss.de\/index.php?rest_route=\/wp\/v2\/pages\/44","targetHints":{"allow":["GET"]}}],"collection":[{"href":"https:\/\/anaesthesiepraxis-voss.de\/index.php?rest_route=\/wp\/v2\/pages"}],"about":[{"href":"https:\/\/anaesthesiepraxis-voss.de\/index.php?rest_route=\/wp\/v2\/types\/page"}],"author":[{"embeddable":true,"href":"https:\/\/anaesthesiepraxis-voss.de\/index.php?rest_route=\/wp\/v2\/users\/1"}],"replies":[{"embeddable":true,"href":"https:\/\/anaesthesiepraxis-voss.de\/index.php?rest_route=%2Fwp%2Fv2%2Fcomments&post=44"}],"version-history":[{"count":4,"href":"https:\/\/anaesthesiepraxis-voss.de\/index.php?rest_route=\/wp\/v2\/pages\/44\/revisions"}],"predecessor-version":[{"id":126,"href":"https:\/\/anaesthesiepraxis-voss.de\/index.php?rest_route=\/wp\/v2\/pages\/44\/revisions\/126"}],"wp:attachment":[{"href":"https:\/\/anaesthesiepraxis-voss.de\/index.php?rest_route=%2Fwp%2Fv2%2Fmedia&parent=44"}],"curies":[{"name":"wp","href":"https:\/\/api.w.org\/{rel}","templated":true}]}}